{"id":120,"date":"2020-12-24T10:53:21","date_gmt":"2020-12-24T10:53:21","guid":{"rendered":"http:\/\/starelec.tn\/?page_id=120"},"modified":"2021-05-26T16:13:13","modified_gmt":"2021-05-26T16:13:13","slug":"a-propos-de","status":"publish","type":"page","link":"https:\/\/starelec.tn\/?page_id=120","title":{"rendered":"\u00c0 propos de"},"content":{"rendered":"<p><!--more--><\/p>\r\n<h3><strong>\u00c0 propos de<\/strong><\/h3>\r\n<p><!--more--><!--more--><\/p>\r\n<p>STARELEC est une soci\u00e9t\u00e9 fond\u00e9e depuis 2001, sp\u00e9cialis\u00e9e dans la commercialisation d&#8217;Electric, industrielle et b\u00e2timent dune fa\u00e7on g\u00e9n\u00e9rale.<br \/>Nous repr\u00e9sentons en Tunisie des marques de renomm\u00e9es internationales qui sont leaders dans leurs domaines de fabrication tels que: SHNEIDER; SIEMENS;\u00a0OMRON; CHINT; DATALOGIC; FINDER; UNI-T; MUCCO ; METE\u00a0ENERJI; HIMEL ; SOMEF; STIEL ; 3M; CARLO GAVAZZI; HAGER:\u00a0GENERAL ELECTRIC ; CELLPACK: ABB etc.<\/p><div class=\"wp-block-image\">\r\n<figure class=\"aligncenter\"><img decoding=\"async\" class=\"wp-image-76\" src=\"http:\/\/www.starelec.tn\/wp-content\/uploads\/2018\/12\/MARQUE-1024x444.jpg\" alt=\"\" \/><\/figure>\r\n<\/div><p><br \/>Par la m\u00eame occasion, nous vous informons que STAR ELEC est le distributeur officiel et exclusif de MUCCO sinyal teknik ET METE ENERJI en Tunisie<\/p><div class=\"wp-block-image\">\r\n<figure class=\"aligncenter\"><img decoding=\"async\" class=\"wp-image-108\" src=\"http:\/\/www.starelec.tn\/wp-content\/uploads\/2018\/12\/repr\u00e9sentant-1024x431.png\" alt=\"\" \/><\/figure>\r\n<\/div><p>Ci-dessous, un \u00e9chantillon de notre liste de clients:<br \/>SOMATRA-GET; STBN-BEJA ; SNCFT; TUNISAIR HANDLING; TPR; GARTHAGE GRAIN; GROUPE POULINA; SICAM MJEZ EL BEB; TUNISCAST; CHIMIE COULOUR: CROWN. Carthage C\u00e9ment; COTREL: Minist\u00e8re de la D\u00e9fense Nationale &#8230; etc.<\/p><div class=\"wp-block-image\">\r\n<figure class=\"aligncenter\"><img decoding=\"async\" class=\"wp-image-78\" src=\"http:\/\/www.starelec.tn\/wp-content\/uploads\/2018\/12\/REFERENCE.png\" alt=\"\" \/><\/figure>\r\n<\/div>","protected":false},"excerpt":{"rendered":"","protected":false},"author":1,"featured_media":0,"parent":0,"menu_order":2,"comment_status":"closed","ping_status":"closed","template":"templates\/template-page-full-width.php","meta":{"footnotes":""},"class_list":["post-120","page","type-page","status-publish","hentry"],"_links":{"self":[{"href":"https:\/\/starelec.tn\/index.php?rest_route=\/wp\/v2\/pages\/120"}],"collection":[{"href":"https:\/\/starelec.tn\/index.php?rest_route=\/wp\/v2\/pages"}],"about":[{"href":"https:\/\/starelec.tn\/index.php?rest_route=\/wp\/v2\/types\/page"}],"author":[{"embeddable":true,"href":"https:\/\/starelec.tn\/index.php?rest_route=\/wp\/v2\/users\/1"}],"replies":[{"embeddable":true,"href":"https:\/\/starelec.tn\/index.php?rest_route=%2Fwp%2Fv2%2Fcomments&post=120"}],"version-history":[{"count":2,"href":"https:\/\/starelec.tn\/index.php?rest_route=\/wp\/v2\/pages\/120\/revisions"}],"predecessor-version":[{"id":316,"href":"https:\/\/starelec.tn\/index.php?rest_route=\/wp\/v2\/pages\/120\/revisions\/316"}],"wp:attachment":[{"href":"https:\/\/starelec.tn\/index.php?rest_route=%2Fwp%2Fv2%2Fmedia&parent=120"}],"curies":[{"name":"wp","href":"https:\/\/api.w.org\/{rel}","templated":true}]}}