{"id":336,"date":"2021-02-17T13:35:43","date_gmt":"2021-02-17T13:35:43","guid":{"rendered":"http:\/\/starelec.tn\/?post_type=product&#038;p=336"},"modified":"2021-02-18T08:57:52","modified_gmt":"2021-02-18T08:57:52","slug":"rm22tr33-zelio-control-rm22-relais-controle-de-phases-2of-380-a-480vca","status":"publish","type":"product","link":"https:\/\/starelec.tn\/?product=rm22tr33-zelio-control-rm22-relais-controle-de-phases-2of-380-a-480vca","title":{"rendered":"RM22TR33 Zelio Control"},"content":{"rendered":"<table class=\"pes-table\">\n<tbody>\n<tr>\n<th class=\"pes-text-left char-table__title\">Gamme de produits<\/th>\n<td class=\"pes-text-left\">\n<div>Zelio Control<\/div>\n<\/td>\n<td><\/td>\n<\/tr>\n<tr>\n<th class=\"pes-text-left char-table__title\">Type de produit ou \u00e9quipement<\/th>\n<td class=\"pes-text-left\">\n<div>Relais de contr\u00f4le et de mesure modulaires<\/div>\n<\/td>\n<td><\/td>\n<\/tr>\n<tr>\n<th class=\"pes-text-left char-table__title\">Type de relais<\/th>\n<td class=\"pes-text-left\">\n<div>Relaisde contr\u00f4le<\/div>\n<\/td>\n<td><\/td>\n<\/tr>\n<tr>\n<th class=\"pes-text-left char-table__title\">Nombre de phases r\u00e9seau<\/th>\n<td class=\"pes-text-left\">\n<div>3 phases<\/div>\n<\/td>\n<td><\/td>\n<\/tr>\n<tr>\n<th class=\"pes-text-left char-table__title\">Nom du relais<\/th>\n<td class=\"pes-text-left\">\n<div>RM22TR<\/div>\n<\/td>\n<td><\/td>\n<\/tr>\n<tr>\n<th class=\"pes-text-left char-table__title\">param\u00e8tres surveill\u00e9s par le relais<\/th>\n<td class=\"pes-text-left\">\n<div>D\u00e9tection de surtension et de sous-tension<br \/>\nS\u00e9quence de phases<br \/>\nD\u00e9tection de d\u00e9fauts de phase<\/div>\n<\/td>\n<td><\/td>\n<\/tr>\n<tr>\n<th class=\"pes-text-left char-table__title\">type de temporisation<\/th>\n<td class=\"pes-text-left\">\n<div>R\u00e9glable 0,1\u202630 s, +\/-10 % de la valeur pleine \u00e9chelle lors du d\u00e9passement du seuil Tt<\/div>\n<\/td>\n<td><\/td>\n<\/tr>\n<tr>\n<th class=\"pes-text-left char-table__title\">Capacit\u00e9 de commutation en VA<\/th>\n<td class=\"pes-text-left\">\n<div>2000\u00a0VA<\/div>\n<\/td>\n<td><\/td>\n<\/tr>\n<tr>\n<th class=\"pes-text-left char-table__title\">plage de mesure<\/th>\n<td class=\"pes-text-left\">\n<div>380&#8230;480 V tension CA<\/div>\n<\/td>\n<td><\/td>\n<\/tr>\n<\/tbody>\n<\/table>\n<table class=\"pes-table\">\n<caption class=\"pes-text-left\">Compl\u00e9mentaires<\/caption>\n<tbody>\n<tr>\n<th class=\"pes-text-left char-table__title\">Temps de reset<\/th>\n<td class=\"pes-text-left\">\n<div>1500\u00a0ms \u00e0 tension maximum<\/div>\n<\/td>\n<td><\/td>\n<\/tr>\n<tr>\n<th class=\"pes-text-left char-table__title\">Tension de coupure maximale<\/th>\n<td class=\"pes-text-left\">\n<div>250\u00a0V CA<\/div>\n<\/td>\n<td><\/td>\n<\/tr>\n<tr>\n<th class=\"pes-text-left char-table__title\">courant commut\u00e9 minimum<\/th>\n<td class=\"pes-text-left\">\n<div>10\u00a0mA \u00e0 5 V CC<\/div>\n<\/td>\n<td><\/td>\n<\/tr>\n<tr>\n<th class=\"pes-text-left char-table__title\">Courant commut\u00e9 maximum<\/th>\n<td class=\"pes-text-left\">\n<div>8\u00a0A CA<\/div>\n<\/td>\n<td><\/td>\n<\/tr>\n<tr>\n<th class=\"pes-text-left char-table__title\">[Us] tension d&#8217;alimentation<\/th>\n<td class=\"pes-text-left\">\n<div>380\u2026480 V CA<\/div>\n<\/td>\n<td><\/td>\n<\/tr>\n<tr>\n<th class=\"pes-text-left char-table__title\">Limites de la tension d&#8217;alimentation<\/th>\n<td class=\"pes-text-left\">\n<div>304\u2026576\u00a0V CA<\/div>\n<\/td>\n<td><\/td>\n<\/tr>\n<tr>\n<th class=\"pes-text-left char-table__title\">operating limits<\/th>\n<td class=\"pes-text-left\">\n<div>&#8211; 20 % + 20 % Un<\/div>\n<\/td>\n<td><\/td>\n<\/tr>\n<tr>\n<th class=\"pes-text-left char-table__title\">puissance consomm\u00e9e en VA<\/th>\n<td class=\"pes-text-left\">\n<div>15\u00a0VA \u00e0 480 V CA 60 Hz<\/div>\n<\/td>\n<td><\/td>\n<\/tr>\n<tr>\n<th class=\"pes-text-left char-table__title\">seuil de d\u00e9tection de tension<\/th>\n<td class=\"pes-text-left\">\n<div>&lt; 100 V CA<\/div>\n<\/td>\n<td><\/td>\n<\/tr>\n<tr>\n<th class=\"pes-text-left char-table__title\">supply voltage frequency<\/th>\n<td class=\"pes-text-left\">\n<div>50&#8230;60 Hz +\/- 10 %<\/div>\n<\/td>\n<td><\/td>\n<\/tr>\n<tr>\n<th class=\"pes-text-left char-table__title\">Contacts de sortie<\/th>\n<td class=\"pes-text-left\">\n<div>2 &#8220;OF&#8221;<\/div>\n<\/td>\n<td><\/td>\n<\/tr>\n<tr>\n<th class=\"pes-text-left char-table__title\">courant de sortie nominal<\/th>\n<td class=\"pes-text-left\">\n<div>8\u00a0A<\/div>\n<\/td>\n<td><\/td>\n<\/tr>\n<tr>\n<th class=\"pes-text-left char-table__title\">pr\u00e9cision de r\u00e9glage du seuil de commutation<\/th>\n<td class=\"pes-text-left\">\n<div>+\/- 10 + de la valeur pleine \u00e9chelle<\/div>\n<\/td>\n<td><\/td>\n<\/tr>\n<tr>\n<th class=\"pes-text-left char-table__title\">d\u00e9rive du seuil de commutation<\/th>\n<td class=\"pes-text-left\">\n<div>&lt;= 0,05 % par degr\u00e9 centigrade en fonction de la temp\u00e9rature de l&#8217;air ambiant admissible<br \/>\n&lt;= 1 % dans la fourchette de tension d&#8217;alimentation<\/div>\n<\/td>\n<td><\/td>\n<\/tr>\n<tr>\n<th class=\"pes-text-left char-table__title\">r\u00e9glage exact du temps de retard<\/th>\n<td class=\"pes-text-left\">\n<div>10\u00a0P<\/div>\n<\/td>\n<td><\/td>\n<\/tr>\n<tr>\n<th class=\"pes-text-left char-table__title\">d\u00e9rive de la temporisation<\/th>\n<td class=\"pes-text-left\">\n<div>&lt;= 0,05 % par degr\u00e9 centigrade en fonction de la temp\u00e9rature de l&#8217;air ambiant admissible<br \/>\n&lt;= 1 % dans la fourchette de tension d&#8217;alimentation<\/div>\n<\/td>\n<td><\/td>\n<\/tr>\n<tr>\n<th class=\"pes-text-left char-table__title\">hyst\u00e9r\u00e9sis<\/th>\n<td class=\"pes-text-left\">\n<div>2\u00a0% fixe de s\u00e9lectionnable<\/div>\n<\/td>\n<td><\/td>\n<\/tr>\n<tr>\n<th class=\"pes-text-left char-table__title\">temporisation \u00e0 la mise sous tension<\/th>\n<td class=\"pes-text-left\">\n<div>650\u00a0ms<\/div>\n<\/td>\n<td><\/td>\n<\/tr>\n<tr>\n<th class=\"pes-text-left char-table__title\">cycle de mesure maximal<\/th>\n<td class=\"pes-text-left\">\n<div>150\u00a0ms cycle de mesure en tant que valeur eff r\u00e9elle<\/div>\n<\/td>\n<td><\/td>\n<\/tr>\n<tr>\n<th class=\"pes-text-left char-table__title\">tension de r\u00e9glage de seuil<\/th>\n<td class=\"pes-text-left\">\n<div>2 \u00e0 20 % de Un s\u00e9lectionn\u00e9<\/div>\n<\/td>\n<td><\/td>\n<\/tr>\n<tr>\n<th class=\"pes-text-left char-table__title\">plage d&#8217;utilisation en tension<\/th>\n<td class=\"pes-text-left\">\n<div>380&#8230;480 V phase-phase<\/div>\n<\/td>\n<td><\/td>\n<\/tr>\n<tr>\n<th class=\"pes-text-left char-table__title\">pr\u00e9cision de r\u00e9p\u00e9tition<\/th>\n<td class=\"pes-text-left\">\n<div>+\/-0,5% pour circuit de mesure et d&#8217;entr\u00e9e<br \/>\n+\/- 3 % pour temporisation<\/div>\n<\/td>\n<td><\/td>\n<\/tr>\n<tr>\n<th class=\"pes-text-left char-table__title\">erreur de mesure<\/th>\n<td class=\"pes-text-left\">\n<div>&lt; 1 % sur la gamme enti\u00e8re avec variation de tension<br \/>\n&lt; 0,05 %\/\u00b0C avec variation de temp\u00e9rature<\/div>\n<\/td>\n<td><\/td>\n<\/tr>\n<tr>\n<th class=\"pes-text-left char-table__title\">temps de r\u00e9ponse<\/th>\n<td class=\"pes-text-left\">\n<div>&lt;= 300 ms<\/div>\n<\/td>\n<td><\/td>\n<\/tr>\n<tr>\n<th class=\"pes-text-left char-table__title\">Cat\u00e9gorie de surtension<\/th>\n<td class=\"pes-text-left\">\n<div>III se conformer \u00e0 IEC 60664-1<br \/>\nIII se conformer \u00e0 UL 508<\/div>\n<\/td>\n<td><\/td>\n<\/tr>\n<tr>\n<th class=\"pes-text-left char-table__title\">R\u00e9sistance d&#8217;isolement<\/th>\n<td class=\"pes-text-left\">\n<div>&gt; 100 MOhm \u00e0 500 V CC se conformer \u00e0 IEC 60255-27<\/div>\n<\/td>\n<td><\/td>\n<\/tr>\n<tr>\n<th class=\"pes-text-left char-table__title\">Position de montage<\/th>\n<td class=\"pes-text-left\">\n<div>Toutes positions<\/div>\n<\/td>\n<td><\/td>\n<\/tr>\n<tr>\n<th class=\"pes-text-left char-table__title\">mode de raccordement<\/th>\n<td class=\"pes-text-left\">\n<div>Bornes \u00e0 vis, 2 x 0,5 \u00e0 2 x 2,5 mm\u00b2 (AWG 20 \u00e0 AWG 14) rigide sans embout<br \/>\nBornes \u00e0 vis, 2 x 0,2 \u00e0 2 x 1,5 mm\u00b2 (AWG 24 \u00e0 AWG 16) souple avec embout<br \/>\nBornes \u00e0 vis, 1 x 0,5 \u00e0 1 x 3,3 mm\u00b2 (AWG 20 \u00e0 AWG 12) rigide sans embout<br \/>\nBornes \u00e0 vis, 1 x 0,2 \u00e0 1 x 2,5 mm\u00b2 (AWG 24\u2026AWG 14) souple avec embout<\/div>\n<\/td>\n<td><\/td>\n<\/tr>\n<tr>\n<th class=\"pes-text-left char-table__title\">Couple de serrage<\/th>\n<td class=\"pes-text-left\">\n<div>0,6\u20261\u00a0N.m se conformer \u00e0 IEC 60947-1<\/div>\n<\/td>\n<td><\/td>\n<\/tr>\n<tr>\n<th class=\"pes-text-left char-table__title\">Mati\u00e8re du bo\u00eetier<\/th>\n<td class=\"pes-text-left\">\n<div>Plastique auto-extinguible<\/div>\n<\/td>\n<td><\/td>\n<\/tr>\n<tr>\n<th class=\"pes-text-left char-table__title\">\u00e9tat LED<\/th>\n<td class=\"pes-text-left\">\n<div>Relais allum\u00e9: LED (jaune)<br \/>\nPuissance ON: LED (vert)<\/div>\n<\/td>\n<td><\/td>\n<\/tr>\n<tr>\n<th class=\"pes-text-left char-table__title\">Support de montage<\/th>\n<td class=\"pes-text-left\">\n<div>Rail DIN 35 mm se conformer \u00e0 EN\/IEC 60715<\/div>\n<\/td>\n<td><\/td>\n<\/tr>\n<tr>\n<th class=\"pes-text-left char-table__title\">Endurance \u00e9lectrique<\/th>\n<td class=\"pes-text-left\">\n<div>100000\u00a0cycle<\/div>\n<\/td>\n<td><\/td>\n<\/tr>\n<tr>\n<th class=\"pes-text-left char-table__title\">Endurance m\u00e9canique<\/th>\n<td class=\"pes-text-left\">\n<div>10000000\u00a0cycle<\/div>\n<\/td>\n<td><\/td>\n<\/tr>\n<tr>\n<th class=\"pes-text-left char-table__title\">Cat\u00e9gorie d&#8217;emploi<\/th>\n<td class=\"pes-text-left\">\n<div>AC-15 se conformer \u00e0 IEC 60947-5-1<br \/>\nDC-13 se conformer \u00e0 IEC 60947-5-1<br \/>\nAC-1 se conformer \u00e0 IEC 60947-4-1<br \/>\nDC-1 se conformer \u00e0 IEC 60947-4-1<\/div>\n<\/td>\n<td><\/td>\n<\/tr>\n<tr>\n<th class=\"pes-text-left char-table__title\">donn\u00e9es de fiabilit\u00e9 de la s\u00e9curit\u00e9<\/th>\n<td class=\"pes-text-left\">\n<div>MTTFd = 388,1 ans<br \/>\nB10d = 350000<\/div>\n<\/td>\n<td><\/td>\n<\/tr>\n<tr>\n<th class=\"pes-text-left char-table__title\">Mat\u00e9riau des contacts<\/th>\n<td class=\"pes-text-left\">\n<div>Sans cadmium<\/div>\n<\/td>\n<td><\/td>\n<\/tr>\n<tr>\n<th class=\"pes-text-left char-table__title\">Largeur<\/th>\n<td class=\"pes-text-left\">\n<div>22,5\u00a0mm<\/div>\n<\/td>\n<td><\/td>\n<\/tr>\n<tr>\n<th class=\"pes-text-left char-table__title\">Poids du produit<\/th>\n<td class=\"pes-text-left\">\n<div>0,09\u00a0kg<\/div>\n<\/td>\n<td><\/td>\n<\/tr>\n<\/tbody>\n<\/table>\n<table class=\"pes-table\">\n<caption class=\"pes-text-left\">Environnement<\/caption>\n<tbody>\n<tr>\n<th class=\"pes-text-left char-table__title\">immunit\u00e9 aux micro coupures<\/th>\n<td class=\"pes-text-left\">\n<div>10\u00a0ms<\/div>\n<\/td>\n<td><\/td>\n<\/tr>\n<tr>\n<th class=\"pes-text-left char-table__title\">Compatibilit\u00e9 \u00e9lectromagn\u00e9tique<\/th>\n<td class=\"pes-text-left\">\n<div>Immunity for residential, commercial and light-industrial environments se conformer \u00e0 EN\/CEi 61000-6-1<br \/>\nImmunit\u00e9 des environnements industriels se conformer \u00e0 EN\/IEC 61000-6-2<br \/>\nNorme sur l&#8217;\u00e9mission pour les environnements r\u00e9sidentiels, commerciaux et de l&#8217;industrie l\u00e9g\u00e8re se conformer \u00e0 EN\/IEC 61000-6-3<br \/>\nNorme d&#8217;\u00e9mission pour environnements industriels se conformer \u00e0 EN\/IEC 61000-6-4<br \/>\nD\u00e9charge \u00e9lectrostatique &#8211; niveau de test: 6 kV (d\u00e9charge par contact)niveau 3 se conformer \u00e0 CEI 6100-4-11<br \/>\nD\u00e9charge \u00e9lectrostatique &#8211; niveau de test: 8 kV (d\u00e9charge dans l&#8217;air)niveau 3 se conformer \u00e0 CEI 6100-4-11<br \/>\nTest d&#8217;immunit\u00e9 aux champs \u00e9lectromagn\u00e9tiques radio-fr\u00e9quences rayonn\u00e9s &#8211; niveau de test: 10 V\/mniveau 3 se conformer \u00e0 CEI 61000-4-3<br \/>\nTest d&#8217;immunit\u00e9 aux transitoires \u00e9lectriques rapides &#8211; niveau de test: 4 kV (directe)niveau 4 se conformer \u00e0 CEI 61000-4-4<br \/>\nTest d&#8217;immunit\u00e9 aux transitoires \u00e9lectriques rapides &#8211; niveau de test: 2 kV (couplage capacitif)niveau 4 se conformer \u00e0 CEI 61000-4-4<br \/>\nTest d\u2019immunit\u00e9 aux surtensions &#8211; niveau de test: 4 kV (mode commun)niveau 4 se conformer \u00e0 CEI 61000-4-5<br \/>\nTest d\u2019immunit\u00e9 aux surtensions &#8211; niveau de test: 2 kV (mode diff\u00e9rentiel)niveau 4 se conformer \u00e0 CEI 61000-4-5<br \/>\n\u00c9missions transmises par conduction et rayonn\u00e9esgroupe 1, classe B se conformer \u00e0 CISPR 11<br \/>\n\u00c9missions transmises par conduction et rayonn\u00e9esclasse\u00a0B se conformer \u00e0 CISPR22<\/div>\n<\/td>\n<td><\/td>\n<\/tr>\n<tr>\n<th class=\"pes-text-left char-table__title\">Normes<\/th>\n<td class=\"pes-text-left\">\n<div>EN\/CEI 60255-1<\/div>\n<\/td>\n<td><\/td>\n<\/tr>\n<tr>\n<th class=\"pes-text-left char-table__title\">Certifications du produit<\/th>\n<td class=\"pes-text-left\">\n<div>GL<br \/>\nCSA<br \/>\nRCM<br \/>\nCE<br \/>\nEAC<br \/>\nCCC<br \/>\nUL<\/div>\n<\/td>\n<td><\/td>\n<\/tr>\n<tr>\n<th class=\"pes-text-left char-table__title\">Temp\u00e9rature ambiante de stockage<\/th>\n<td class=\"pes-text-left\">\n<div>-40\u202670\u00a0\u00b0C<\/div>\n<\/td>\n<td><\/td>\n<\/tr>\n<tr>\n<th class=\"pes-text-left char-table__title\">temp\u00e9rature de fonctionnement<\/th>\n<td class=\"pes-text-left\">\n<div>-20\u202650\u00a0\u00b0C \u00e0 60 Hz<br \/>\n-20\u202660\u00a0\u00b0C \u00e0 50 Hz CA\/CC<\/div>\n<\/td>\n<td><\/td>\n<\/tr>\n<tr>\n<th class=\"pes-text-left char-table__title\">humidit\u00e9 relative<\/th>\n<td class=\"pes-text-left\">\n<div>93\u202697\u00a0% \u00e0 25\u202655\u00a0\u00b0C se conformer \u00e0 CEI 60068-2-30<\/div>\n<\/td>\n<td><\/td>\n<\/tr>\n<tr>\n<th class=\"pes-text-left char-table__title\">Tenue aux vibrations<\/th>\n<td class=\"pes-text-left\">\n<div>0,075 mm (f= 10\u202658,1\u00a0Hz) pas en fonctionnement se conformer \u00e0 CEI 60068-2-6<br \/>\n1 gn (f= 10\u202658,1\u00a0Hz) pas en fonctionnement se conformer \u00e0 CEI 60068-2-6<br \/>\n0,035 mm (f= 58,1\u2026150\u00a0Hz) en marche se conformer \u00e0 CEI 60068-2-6<br \/>\n0,5 gn (f= 58,1\u2026150\u00a0Hz) en marche se conformer \u00e0 CEI 60068-2-6<\/div>\n<\/td>\n<td><\/td>\n<\/tr>\n<tr>\n<th class=\"pes-text-left char-table__title\">Tenue aux chocs m\u00e9caniques<\/th>\n<td class=\"pes-text-left\">\n<div>15 gn (dur\u00e9e = 11\u00a0ms) pour pas en fonctionnement se conformer \u00e0 CEI 60068-2-27<br \/>\n5 gn (dur\u00e9e = 11\u00a0ms) pour en marche se conformer \u00e0 CEI 60068-2-27<\/div>\n<\/td>\n<td><\/td>\n<\/tr>\n<tr>\n<th class=\"pes-text-left char-table__title\">Degr\u00e9 de protection IP<\/th>\n<td class=\"pes-text-left\">\n<div>IP20 se conformer \u00e0 CEI 60529 (bornes)<br \/>\nIP40 se conformer \u00e0 CEI 60529 (enveloppe)<br \/>\nIP50 se conformer \u00e0 CEI 60529 (face avant)<\/div>\n<\/td>\n<td><\/td>\n<\/tr>\n<tr>\n<th class=\"pes-text-left char-table__title\">Degr\u00e9 de pollution<\/th>\n<td class=\"pes-text-left\">\n<div>3 se conformer \u00e0 IEC 60664-1<br \/>\n3 se conformer \u00e0 UL 508<\/div>\n<\/td>\n<td><\/td>\n<\/tr>\n<tr>\n<th class=\"pes-text-left char-table__title\">tension d&#8217;essai di\u00e9lectrique<\/th>\n<td class=\"pes-text-left\">\n<div>2,5\u00a0kV CA 50 Hz, 1 mn se conformer \u00e0 IEC 60255-27<\/div>\n<\/td>\n<\/tr>\n<\/tbody>\n<\/table>\n","protected":false},"excerpt":{"rendered":"<p>RM22TR33 Zelio Control RM22 &#8211; relais contr\u00f4le de phases &#8211; 2OF &#8211; 380 \u00e0 480Vca<\/p>\n","protected":false},"featured_media":337,"template":"","meta":[],"pwb-brand":[21],"product_cat":[32,35],"product_tag":[],"class_list":{"0":"post-336","1":"product","2":"type-product","3":"status-publish","4":"has-post-thumbnail","6":"pwb-brand-schneider","7":"product_cat-distribution-electrique-hta","8":"product_cat-relais-de-protection","10":"first","11":"instock","12":"shipping-taxable","13":"purchasable","14":"product-type-simple"},"brands":[{"id":21,"name":"Schneider","slug":"schneider"}],"_links":{"self":[{"href":"https:\/\/starelec.tn\/index.php?rest_route=\/wp\/v2\/product\/336"}],"collection":[{"href":"https:\/\/starelec.tn\/index.php?rest_route=\/wp\/v2\/product"}],"about":[{"href":"https:\/\/starelec.tn\/index.php?rest_route=\/wp\/v2\/types\/product"}],"wp:featuredmedia":[{"embeddable":true,"href":"https:\/\/starelec.tn\/index.php?rest_route=\/wp\/v2\/media\/337"}],"wp:attachment":[{"href":"https:\/\/starelec.tn\/index.php?rest_route=%2Fwp%2Fv2%2Fmedia&parent=336"}],"wp:term":[{"taxonomy":"pwb-brand","embeddable":true,"href":"https:\/\/starelec.tn\/index.php?rest_route=%2Fwp%2Fv2%2Fpwb-brand&post=336"},{"taxonomy":"product_cat","embeddable":true,"href":"https:\/\/starelec.tn\/index.php?rest_route=%2Fwp%2Fv2%2Fproduct_cat&post=336"},{"taxonomy":"product_tag","embeddable":true,"href":"https:\/\/starelec.tn\/index.php?rest_route=%2Fwp%2Fv2%2Fproduct_tag&post=336"}],"curies":[{"name":"wp","href":"https:\/\/api.w.org\/{rel}","templated":true}]}}